{"id":173,"date":"2022-02-03T13:54:06","date_gmt":"2022-02-03T18:54:06","guid":{"rendered":"http:\/\/wordplaysudburymanitoulin.ca\/services-dorthophonie-pour-enfants-dage-prescolaire-de-sudbury-manitoulin\/"},"modified":"2022-04-28T14:35:30","modified_gmt":"2022-04-28T18:35:30","slug":"services-dorthophonie-pour-enfants-dage-prescolaire-de-sudbury-manitoulin","status":"publish","type":"page","link":"https:\/\/wordplaysudburymanitoulin.ca\/fr\/services-dorthophonie-pour-enfants-dage-prescolaire-de-sudbury-manitoulin\/","title":{"rendered":"Services d\u2019orthophonie pour enfants d\u2019\u00e2ge pr\u00e9scolaire de Sudbury-Manitoulin"},"content":{"rendered":"<p>[et_pb_section admin_label=\u00a0\u00bbsection\u00a0\u00bb]<br \/>\n\t\t\t[et_pb_row admin_label=\u00a0\u00bbrow\u00a0\u00bb]<br \/>\n\t\t\t\t[et_pb_column type=\u00a0\u00bb4_4&Prime;][et_pb_text admin_label=\u00a0\u00bbText\u00a0\u00bb]<\/p>\n\n<h2>Aper\u00e7u du programme<\/h2>\n<p>Les Services d\u2019orthophonie pour enfants d\u2019\u00e2ge pr\u00e9scolaire de Sudbury-Manitoulin Wordplay \/ Jeux de mots mettent une gamme compl\u00e8te de services \u00e0 la disposition de ces enfants, et ce, de la naissance \u00e0 leur entr\u00e9e \u00e0 l\u2019\u00e9cole. Les services sont offerts en fran\u00e7ais et anglais. Les cliniques sont situ\u00e9es \u00e0 Sudbury, Espanola, Little Current, St. Charles et Chapleau. Ce service fait partie des Services de r\u00e9\u00e9ducation de la parole et du langage pour les enfants d\u2019\u00e2ge pr\u00e9scolaire.<\/p>\n<h2>Services<\/h2>\n<p>Nos services de th\u00e9rapie centr\u00e9s sur la famille comprennent des \u00e9valuations, des consultations, la formation des parents, des programmes \u00e0 domicile, des th\u00e9rapies individuelles et de groupe. Les parents ou le tuteur l\u00e9gal sont pr\u00e9sents pendant ce temps. La th\u00e9rapie vise \u00e0 aider le parent\/tuteur \u00e0 apprendre comment aider l&rsquo;enfant dans des environnements naturalistes.<\/p>\n<p>Nous proposons \u00e9galement des consultations sur la garde d&rsquo;enfants, des services communautaires internes, des programmes de sensibilisation et d&rsquo;\u00e9ducation du public.<\/p>\n<h2>Processus de renvoi<\/h2>\n<p>Les parents\/tuteurs, les prestataires de soins de sant\u00e9 ou d&rsquo;autres professionnels travaillant avec des enfants d&rsquo;\u00e2ge pr\u00e9scolaire \u00e0 Sudbury\/Manitoulin peuvent les r\u00e9f\u00e9rer s&rsquo;ils ont des inqui\u00e9tudes concernant l&rsquo;un des \u00e9l\u00e9ments suivants avant d&rsquo;entrer \u00e0 l&rsquo;\u00e9cole :<\/p>\n<ul>\n<li>Discours\/articulation<\/li>\n<li>Langage expressif (vocabulaire, grammaire)<\/li>\n<li>Langage r\u00e9ceptif (suivre les instructions, r\u00e9pondre aux questions)<\/li>\n<li>B\u00e9gaiement<\/li>\n<li>Autisme\/Communication sociale<\/li>\n<li>Voix<\/li>\n<li>R\u00e9sonance<\/li>\n<\/ul>\n<p>Ces services sont gratuits et il n\u2019est pas n\u00e9cessaire d\u2019obtenir un renvoi d\u2019une ou d\u2019un m\u00e9decin.<\/p>\n<p>On peut faire des renvois en composant le 1-877-522-6655 ou le num\u00e9ro de sa localit\u00e9 :<\/p>\n<table border=\"0\" width=\"100%\" cellspacing=\"0\" cellpadding=\"0\">\n<tbody>\n<tr>\n<td width=\"13%\">Chapleau<\/td>\n<td width=\"2%\">&nbsp;<\/td>\n<td width=\"85%\">705-864-0860<\/td>\n<\/tr>\n<tr>\n<td>Espanola<\/td>\n<td>&nbsp;<\/td>\n<td>705-869-1564<\/td>\n<\/tr>\n<tr>\n<td>Manitoulin<\/td>\n<td>&nbsp;<\/td>\n<td>705-368-2002<\/td>\n<\/tr>\n<tr>\n<td>Sudbury<\/td>\n<td>&nbsp;<\/td>\n<td>705-522-6655<\/td>\n<\/tr>\n<\/tbody>\n<\/table>\n<p>&nbsp;<\/p>\n<h2>Renseignements connexes :<\/h2>\n<p>Environ 1 enfant sur 10 a besoin d&rsquo;aide pour d\u00e9velopper ses capacit\u00e9s d&rsquo;\u00e9locution et de langage. De solides comp\u00e9tences en parole et en langage aident \u00e0 d\u00e9velopper la pr\u00e9paration \u00e0 la lecture, la r\u00e9ussite scolaire, l&rsquo;interaction sociale et la sant\u00e9 globale.<\/p>\n<p>&nbsp;<\/p>\n<p>Pour obtenir plus de renseignements sur ces services et sur les autres programmes pour les enfants, veuillez consulter: www.children.gov.on.ca<a href=\"http:\/\/www.children.gov.on.ca\/\">; <\/a><a href=\"https:\/\/www.ontario.ca\/page\/preschool-speech-and-language-program\">Programme de services de r\u00e9\u00e9ducation de la parole et du langage pour les enfants d\u2019\u00e2ge pr\u00e9scolaire | Ontario.ca<\/a><\/p>\n<p>[\/et_pb_text][\/et_pb_column]<br \/>\n\t\t\t[\/et_pb_row]<br \/>\n\t\t[\/et_pb_section]<\/p>\n","protected":false},"excerpt":{"rendered":"<p>Aper\u00e7u du programme Les Services d\u2019orthophonie pour enfants d\u2019\u00e2ge pr\u00e9scolaire de Sudbury-Manitoulin Wordplay \/ Jeux de mots mettent une gamme compl\u00e8te de services \u00e0 la disposition de ces enfants, et ce, de la naissance \u00e0 leur entr\u00e9e \u00e0 l\u2019\u00e9cole. Les services sont offerts en fran\u00e7ais et anglais. Les cliniques sont situ\u00e9es \u00e0 Sudbury, Espanola, Little [&hellip;]<\/p>\n","protected":false},"author":2,"featured_media":0,"parent":0,"menu_order":0,"comment_status":"closed","ping_status":"closed","template":"","meta":{"_et_pb_use_builder":"on","_et_pb_old_content":"","_et_gb_content_width":"","om_disable_all_campaigns":false,"_monsterinsights_skip_tracking":false,"_monsterinsights_sitenote_active":false,"_monsterinsights_sitenote_note":"","_monsterinsights_sitenote_category":0,"footnotes":""},"class_list":["post-173","page","type-page","status-publish","hentry"],"_links":{"self":[{"href":"https:\/\/wordplaysudburymanitoulin.ca\/fr\/wp-json\/wp\/v2\/pages\/173","targetHints":{"allow":["GET"]}}],"collection":[{"href":"https:\/\/wordplaysudburymanitoulin.ca\/fr\/wp-json\/wp\/v2\/pages"}],"about":[{"href":"https:\/\/wordplaysudburymanitoulin.ca\/fr\/wp-json\/wp\/v2\/types\/page"}],"author":[{"embeddable":true,"href":"https:\/\/wordplaysudburymanitoulin.ca\/fr\/wp-json\/wp\/v2\/users\/2"}],"replies":[{"embeddable":true,"href":"https:\/\/wordplaysudburymanitoulin.ca\/fr\/wp-json\/wp\/v2\/comments?post=173"}],"version-history":[{"count":4,"href":"https:\/\/wordplaysudburymanitoulin.ca\/fr\/wp-json\/wp\/v2\/pages\/173\/revisions"}],"predecessor-version":[{"id":1130,"href":"https:\/\/wordplaysudburymanitoulin.ca\/fr\/wp-json\/wp\/v2\/pages\/173\/revisions\/1130"}],"wp:attachment":[{"href":"https:\/\/wordplaysudburymanitoulin.ca\/fr\/wp-json\/wp\/v2\/media?parent=173"}],"curies":[{"name":"wp","href":"https:\/\/api.w.org\/{rel}","templated":true}]}}