{"id":170,"date":"2022-02-03T13:43:51","date_gmt":"2022-02-03T18:43:51","guid":{"rendered":"http:\/\/wordplaysudburymanitoulin.ca\/programme-de-depistage-neonatal-des-troubles-auditifs-et-dintervention-precoce-du-nord-est-de-lontario\/"},"modified":"2022-02-04T12:54:29","modified_gmt":"2022-02-04T17:54:29","slug":"programme-de-depistage-neonatal-des-troubles-auditifs-et-dintervention-precoce-du-nord-est-de-lontario","status":"publish","type":"page","link":"https:\/\/wordplaysudburymanitoulin.ca\/fr\/programme-de-depistage-neonatal-des-troubles-auditifs-et-dintervention-precoce-du-nord-est-de-lontario\/","title":{"rendered":"Programme de d\u00e9pistage n\u00e9onatal des troubles auditifs et d\u2019intervention pr\u00e9coce du Nord-Est de l\u2019Ontario"},"content":{"rendered":"<p>[et_pb_section admin_label=\u00a0\u00bbsection\u00a0\u00bb]<br \/>\n\t\t\t[et_pb_row admin_label=\u00a0\u00bbrow\u00a0\u00bb]<br \/>\n\t\t\t\t[et_pb_column type=\u00a0\u00bb4_4&Prime;][et_pb_text admin_label=\u00a0\u00bbText\u00a0\u00bb]<\/p>\n\n<p>Le CRSNB est l\u2019organisme responsable qui coordonne ce programme dans le Nord-Est et qui fait partie du Programme ontarien de d\u00e9pistage n\u00e9onatal des troubles auditifs et d\u2019intervention pr\u00e9coce. Il compte trois autres volets, \u00e0 savoir un programme de d\u00e9pistage n\u00e9onatal de tous les b\u00e9b\u00e9s n\u00e9s chaque ann\u00e9e dans ces districts, des services d\u2019audiologie et enfin, le d\u00e9veloppement des aptitudes \u00e0 la communication chez les enfants de la naissance \u00e0 six ans ayant une perte d\u2019acuit\u00e9 auditive permanente.<\/p>\n<h2>Services<\/h2>\n<p>Peu de temps apr\u00e8s la naissance, tous les b\u00e9b\u00e9s n\u00e9s dans les districts de Manitoulin, Sudbury, Algoma, Cochrane, Nipissing et T\u00e9miscamingue passent un premier test de d\u00e9pistage de la surdit\u00e9 afin de d\u00e9tecter une perte d\u2019acuit\u00e9 auditive permanente, le cas \u00e9ch\u00e9ant. Il y a des cliniques communautaires dans la plupart des collectivit\u00e9s du Nord-Est; on \u00e9value les enfants qui n\u2019ont pas pass\u00e9 de test de d\u00e9pistage de premier niveau \u00e0 l\u2019h\u00f4pital. Quant \u00e0 ceux qui l\u2019ont \u00e9t\u00e9 et qui ont besoin d\u2019un suivi, ils passent un test de deuxi\u00e8me niveau.<\/p>\n<p>Les b\u00e9b\u00e9s ayant obtenu une recommandation apr\u00e8s un test de d\u00e9pistage obtiennent des services d\u2019audiologie s\u2019ils sont \u00e0 risque \u00e9lev\u00e9 d\u2019une perte d\u2019acuit\u00e9 auditive et s\u2019ils ont besoin d\u2019un suivi.<\/p>\n<p>Des th\u00e9rapeutes auditivo-verbaux ainsi que des professeures et professeurs en langue des signes offrent des services de d\u00e9veloppement des aptitudes \u00e0 la communication et des services d\u2019orthophonie aux enfants chez qui l\u2019on a diagnostiqu\u00e9 une perte d\u2019acuit\u00e9 auditive permanente, ou ils utilisent des m\u00e9thodes mixtes.<\/p>\n<p>Les familles dont un enfant a une perte d\u2019acuit\u00e9 auditive permanente peuvent \u00e9galement obtenir des services de soutien.<\/p>\n<h2>Services d\u2019intervention<\/h2>\n<p>On peut obtenir des services d\u2019audiologie \u00e0 Sudbury, North Bay, Timmins, Moose Factory et Sault Ste. Marie. On coordonne \u00e9galement ceux offerts aux b\u00e9b\u00e9s qu\u2019il faut envoyer \u00e0 Ottawa ou \u00e0 Toronto pour d\u2019autres raisons m\u00e9dicales afin qu\u2019ils puissent y recevoir des services d\u2019audiologie.<\/p>\n<p>Des services de communication sont disponibles par l\u2019entremise d\u2019initiatives de r\u00e9\u00e9ducation du langage dans tout le Nord-Est ontarien.<\/p>\n<h2>Proc\u00e9dure d\u2019admission :<\/h2>\n<p>Le d\u00e9pistage de la surdit\u00e9 chez les nourrissons s\u2019adresse \u00e0 tous les enfants et on y proc\u00e8de automatiquement \u00e0 l\u2019h\u00f4pital, dans un centre de naissance ou dans une pratique de sage-femme.<\/p>\n<p>Les enfants de six ans et moins ayant une perte d\u2019acuit\u00e9 auditive permanente peuvent obtenir des services financ\u00e9s d\u2019audiologie et de d\u00e9veloppement de la communication.<\/p>\n<h2>Renseignements connexes :<\/h2>\n<p>Selon les donn\u00e9es sur la pr\u00e9valence, 2 b\u00e9b\u00e9s sur 1000 ont une perte d\u2019acuit\u00e9 auditive \u00e0 la naissance. Deux autres sur 1 000 d\u00e9veloppent une perte auditive \u00e0 l&rsquo;\u00e2ge de cinq ans. Ces enfants peuvent entendre certains sons mais en manquer d&rsquo;autres, ce qui rend plus difficile l&rsquo;apprentissage de la parole et du langage.<\/p>\n<p>Pour plus de renseignements sur le Programme ontarien de d\u00e9pistage n\u00e9onatal des troubles auditifs et d\u2019intervention pr\u00e9coce ou sur d\u2019autres programmes \u00e0 l\u2019intention des enfants, veuillez consulter le site:<br><a href=\"https:\/\/www.ontario.ca\/page\/infant-hearing-program\">Programme de d\u00e9pistage n\u00e9onatal des troubles auditifs et d\u2019intervention pr\u00e9coce | ontario.ca<\/a><\/p>\n<p>[\/et_pb_text][\/et_pb_column]<br \/>\n\t\t\t[\/et_pb_row]<br \/>\n\t\t[\/et_pb_section]<\/p>\n","protected":false},"excerpt":{"rendered":"<p>Le CRSNB est l\u2019organisme responsable qui coordonne ce programme dans le Nord-Est et qui fait partie du Programme ontarien de d\u00e9pistage n\u00e9onatal des troubles auditifs et d\u2019intervention pr\u00e9coce. Il compte trois autres volets, \u00e0 savoir un programme de d\u00e9pistage n\u00e9onatal de tous les b\u00e9b\u00e9s n\u00e9s chaque ann\u00e9e dans ces districts, des services d\u2019audiologie et enfin, [&hellip;]<\/p>\n","protected":false},"author":2,"featured_media":0,"parent":0,"menu_order":0,"comment_status":"closed","ping_status":"closed","template":"","meta":{"_et_pb_use_builder":"on","_et_pb_old_content":"","_et_gb_content_width":"","om_disable_all_campaigns":false,"_monsterinsights_skip_tracking":false,"_monsterinsights_sitenote_active":false,"_monsterinsights_sitenote_note":"","_monsterinsights_sitenote_category":0,"footnotes":""},"class_list":["post-170","page","type-page","status-publish","hentry"],"_links":{"self":[{"href":"https:\/\/wordplaysudburymanitoulin.ca\/fr\/wp-json\/wp\/v2\/pages\/170","targetHints":{"allow":["GET"]}}],"collection":[{"href":"https:\/\/wordplaysudburymanitoulin.ca\/fr\/wp-json\/wp\/v2\/pages"}],"about":[{"href":"https:\/\/wordplaysudburymanitoulin.ca\/fr\/wp-json\/wp\/v2\/types\/page"}],"author":[{"embeddable":true,"href":"https:\/\/wordplaysudburymanitoulin.ca\/fr\/wp-json\/wp\/v2\/users\/2"}],"replies":[{"embeddable":true,"href":"https:\/\/wordplaysudburymanitoulin.ca\/fr\/wp-json\/wp\/v2\/comments?post=170"}],"version-history":[{"count":5,"href":"https:\/\/wordplaysudburymanitoulin.ca\/fr\/wp-json\/wp\/v2\/pages\/170\/revisions"}],"predecessor-version":[{"id":255,"href":"https:\/\/wordplaysudburymanitoulin.ca\/fr\/wp-json\/wp\/v2\/pages\/170\/revisions\/255"}],"wp:attachment":[{"href":"https:\/\/wordplaysudburymanitoulin.ca\/fr\/wp-json\/wp\/v2\/media?parent=170"}],"curies":[{"name":"wp","href":"https:\/\/api.w.org\/{rel}","templated":true}]}}