{"id":166,"date":"2022-01-28T14:43:12","date_gmt":"2022-01-28T19:43:12","guid":{"rendered":"http:\/\/wordplaysudburymanitoulin.ca\/programme-dintervention-precoce-aupres-des-enfants-aveugles-ou-ayant-une-basse-vision-du-nord-est-de-lontario\/"},"modified":"2022-02-04T12:52:00","modified_gmt":"2022-02-04T17:52:00","slug":"programme-dintervention-precoce-aupres-des-enfants-aveugles-ou-ayant-une-basse-vision-du-nord-est-de-lontario","status":"publish","type":"page","link":"https:\/\/wordplaysudburymanitoulin.ca\/fr\/programme-dintervention-precoce-aupres-des-enfants-aveugles-ou-ayant-une-basse-vision-du-nord-est-de-lontario\/","title":{"rendered":"Programme d\u2019intervention pr\u00e9coce aupr\u00e8s des enfants aveugles ou ayant une basse vision du Nord-Est de l\u2019Ontario"},"content":{"rendered":"\n[et_pb_section][et_pb_row][et_pb_column type=\u00a0\u00bb4_4&Prime;][et_pb_text]<!-- divi:tadv\/classic-paragraph -->\n<p>Le CRSNB est l\u2019organisme responsable qui coordonne le programme dont il est question ici et qui fait partie du m\u00eame programme ontarien. On y offre sensibilisation et soutien aux parents et aux fournisseurs de soins afin qu\u2019ils puissent favoriser le d\u00e9veloppement sain des enfants.<\/p>\n<h2>Services<\/h2>\n<p>Les enfants de six ans et moins ayant re\u00e7u un diagnostic de c\u00e9cit\u00e9 ou de basse vision peuvent obtenir du soutien familial ainsi que des services d\u2019intervention et de consultation. Ceux-ci sont offerts chez l\u2019enfant et en milieu de garde. On offre \u00e9galement du soutien aux enfants faisant la transition \u00e0 l\u2019\u00e9cole.<\/p>\n<p>Des travailleuses sociales et des travailleurs sociaux ayant un dipl\u00f4me d\u2019\u00e9tudes sup\u00e9rieures et une formation sp\u00e9cialis\u00e9e offrent \u00e9galement des services de soutien familial aux parents dont l\u2019enfant a re\u00e7u un diagnostic de c\u00e9cit\u00e9 ou de basse vision.<\/p>\n<p>Des conseill\u00e8res et conseillers en intervention offrent de tels services aupr\u00e8s des jeunes enfants ayant des troubles de la vue. Ils se rendent chez les gens et y enseignent aux parents comment favoriser le d\u00e9veloppement de leur enfant. Ils aident \u00e9galement les \u00e9ducatrices et \u00e9ducateurs de la petite enfance dans les centres \u00e0 cette fin \u00e0 l\u2019inscription de l\u2019enfant au sein de ces programmes communautaires.<\/p>\n<h2>Proc\u00e9dure d\u2019admission :<\/h2>\n<p>Les enfants de six ans et moins qui ont re\u00e7u un diagnostic de c\u00e9cit\u00e9 ou de basse vision peuvent participer au programme. Ils peuvent y \u00eatre dirig\u00e9s par des m\u00e9decins, des ophtalmologistes, des optom\u00e9tristes, les parents ou les fournisseurs de soins en composant le 705-522-6655 (Sudbury) ou le 1-877-522-6655.<\/p>\n<h2>Renseignements connexes :<\/h2>\n<p>Pour plus de renseignements sur le Programme d\u2019intervention pr\u00e9coce aupr\u00e8s des enfants aveugles ou ayant une basse vision ontarien ou sur d\u2019autres programmes \u00e0 l\u2019intention des enfants, veuillez consulter le site :<br><a href=\"https:\/\/www.ontario.ca\/fr\/page\/programme-dintervention-precoce-aupres-des-enfants-aveugles-ou-ayant-une-basse-vision\">https:\/\/www.ontario.ca\/fr\/page\/programme-dintervention-precoce-aupres-des-enfants-aveugles-ou-ayant-une-basse-vision<\/a><\/p>\n<!-- \/divi:tadv\/classic-paragraph -->[\/et_pb_text][\/et_pb_column][\/et_pb_row][\/et_pb_section]\n","protected":false},"excerpt":{"rendered":"<p><div class=\"et_pb_section et_pb_section_0 et_section_regular\" >\n\t\t\t\t\n\t\t\t\t\n\t\t\t\t\n\t\t\t\t\n\t\t\t\t\n\t\t\t\t\n\t\t\t\t\n\t\t\t\t\n\t\t\t\t\n\t\t\t<\/div><div class=\"et_pb_row et_pb_row_0 et_pb_row_empty\">\n\t\t\t\t\n\t\t\t\t\n\t\t\t\t\n\t\t\t\t\n\t\t\t\t\n\t\t\t<\/div><div class=\"et_pb_module et_pb_text et_pb_text_0  et_pb_text_align_left et_pb_bg_layout_light\">\n\t\t\t\t\n\t\t\t\t\n\t\t\t\t\n\t\t\t\t\n\t\t\t\t\n\t\t\t<\/div> Le CRSNB est l\u2019organisme responsable qui coordonne le programme dont il est question ici et qui fait partie du m\u00eame programme ontarien. On y offre sensibilisation et soutien aux parents et aux fournisseurs de soins afin qu\u2019ils puissent favoriser le d\u00e9veloppement sain des enfants. Services Les enfants de six ans et moins ayant re\u00e7u [&hellip;]<\/p>\n","protected":false},"author":2,"featured_media":0,"parent":0,"menu_order":0,"comment_status":"closed","ping_status":"closed","template":"","meta":{"_et_pb_use_builder":"on","_et_pb_old_content":"","_et_gb_content_width":"","om_disable_all_campaigns":false,"_monsterinsights_skip_tracking":false,"_monsterinsights_sitenote_active":false,"_monsterinsights_sitenote_note":"","_monsterinsights_sitenote_category":0,"footnotes":""},"class_list":["post-166","page","type-page","status-publish","hentry"],"_links":{"self":[{"href":"https:\/\/wordplaysudburymanitoulin.ca\/fr\/wp-json\/wp\/v2\/pages\/166","targetHints":{"allow":["GET"]}}],"collection":[{"href":"https:\/\/wordplaysudburymanitoulin.ca\/fr\/wp-json\/wp\/v2\/pages"}],"about":[{"href":"https:\/\/wordplaysudburymanitoulin.ca\/fr\/wp-json\/wp\/v2\/types\/page"}],"author":[{"embeddable":true,"href":"https:\/\/wordplaysudburymanitoulin.ca\/fr\/wp-json\/wp\/v2\/users\/2"}],"replies":[{"embeddable":true,"href":"https:\/\/wordplaysudburymanitoulin.ca\/fr\/wp-json\/wp\/v2\/comments?post=166"}],"version-history":[{"count":5,"href":"https:\/\/wordplaysudburymanitoulin.ca\/fr\/wp-json\/wp\/v2\/pages\/166\/revisions"}],"predecessor-version":[{"id":249,"href":"https:\/\/wordplaysudburymanitoulin.ca\/fr\/wp-json\/wp\/v2\/pages\/166\/revisions\/249"}],"wp:attachment":[{"href":"https:\/\/wordplaysudburymanitoulin.ca\/fr\/wp-json\/wp\/v2\/media?parent=166"}],"curies":[{"name":"wp","href":"https:\/\/api.w.org\/{rel}","templated":true}]}}